{"id":8407,"date":"2022-08-31T08:50:00","date_gmt":"2022-08-31T08:50:00","guid":{"rendered":"https:\/\/rvcgrup.ro\/?page_id=8407"},"modified":"2022-08-31T13:21:22","modified_gmt":"2022-08-31T13:21:22","slug":"organizational-culture","status":"publish","type":"page","link":"https:\/\/www.rvcgrup.ro\/ro\/organizational-culture\/","title":{"rendered":"Cultura organiza\u021bional\u0103"},"content":{"rendered":"<!-- START Organizational culture REVOLUTION SLIDER 6.6.12 --><p class=\"rs-p-wp-fix\"><\/p>\n\t\t\t<rs-module-wrap id=\"rev_slider_5_1_wrapper\" data-source=\"gallery\" style=\"visibility:hidden;background:#FFFFFF;padding:0;margin:0px auto;margin-top:0;margin-bottom:0;\">\n\t\t\t\t<rs-module id=\"rev_slider_5_1\" style=\"\" data-version=\"6.6.12\">\n\t\t\t\t\t<rs-slides style=\"overflow: hidden; position: absolute;\">\n\t\t\t\t\t\t<rs-slide style=\"position: absolute;\" data-key=\"rs-9\" data-title=\"Values\" data-duration=\"9700\" data-anim=\"adpr:false;ms:800ms;\" data-in=\"o:0;e:power1.inOut;\" data-out=\"e:power1.inOut;\" data-p1=\"B2B Services\" data-p3=\"View\">\n\t\t\t\t\t\t\t<img src=\"\/\/www.rvcgrup.ro\/wp-content\/plugins\/revslider\/public\/assets\/assets\/dummy.png\" alt=\"Values\" title=\"Cultura organiza\u021bional\u0103\" class=\"rev-slidebg tp-rs-img rs-lazyload\" data-lazyload=\"\/\/www.rvcgrup.ro\/wp-content\/plugins\/revslider\/public\/assets\/assets\/transparent.png\" data-bg=\"c:#0a2540;\" data-no-retina>\n<!--\t\t\t\t\t\t--><rs-zone id=\"rrzm_9\" class=\"rev_row_zone_middle\" style=\"z-index: 18;\"><!--\n\n\t\t\t\t\t\t\t\t--><rs-row\n\t\t\t\t\t\t\t\t\tid=\"slider-5-slide-9-layer-13\" \n\t\t\t\t\t\t\t\t\tdata-type=\"row\"\n\t\t\t\t\t\t\t\t\tdata-xy=\"y:b;yo:0,0,-440px,-440px;\"\n\t\t\t\t\t\t\t\t\tdata-text=\"l:22;a:inherit;\"\n\t\t\t\t\t\t\t\t\tdata-dim=\"w:1350;minh:none,auto,auto,auto;\"\n\t\t\t\t\t\t\t\t\tdata-cbreak=\"3\"\n\t\t\t\t\t\t\t\t\tdata-rsp_bd=\"off\"\n\t\t\t\t\t\t\t\t\tdata-margin=\"r:50,50,30,30;l:50,50,30,30;\"\n\t\t\t\t\t\t\t\t\tdata-padding=\"t:50,90,90,90;b:50,90,90,90;\"\n\t\t\t\t\t\t\t\t\tdata-frame_1=\"sR:10;\"\n\t\t\t\t\t\t\t\t\tdata-frame_999=\"o:0;st:w;sR:9390;sA:9700;\"\n\t\t\t\t\t\t\t\t\tstyle=\"z-index:1;\"\n\t\t\t\t\t\t\t\t><!--\n\t\t\t\t\t\t\t\t\t--><rs-column\n\t\t\t\t\t\t\t\t\t\tid=\"slider-5-slide-9-layer-14\" \n\t\t\t\t\t\t\t\t\t\tdata-type=\"column\"\n\t\t\t\t\t\t\t\t\t\tdata-xy=\"xo:100px;yo:100px;\"\n\t\t\t\t\t\t\t\t\t\tdata-text=\"l:22;a:left,center,center,center;\"\n\t\t\t\t\t\t\t\t\t\tdata-rsp_bd=\"off\"\n\t\t\t\t\t\t\t\t\t\tdata-column=\"w:100%;a:middle;\"\n\t\t\t\t\t\t\t\t\t\tdata-padding=\"t:30;r:30,30,15,15;b:30;l:30,30,15,15;\"\n\t\t\t\t\t\t\t\t\t\tdata-border=\"bor:0%,0%,0%,0;\"\n\t\t\t\t\t\t\t\t\t\tdata-frame_999=\"o:0;st:w;sR:9390;sA:9700;\"\n\t\t\t\t\t\t\t\t\t\tstyle=\"z-index:2;width:100%;\"\n\t\t\t\t\t\t\t\t\t><!--\n\t\t\t\t\t\t\t\t\t\t--><rs-layer\n\t\t\t\t\t\t\t\t\t\t\tid=\"slider-5-slide-9-layer-4\" \n\t\t\t\t\t\t\t\t\t\t\tdata-type=\"text\"\n\t\t\t\t\t\t\t\t\t\t\tdata-color=\"#fed230\"\n\t\t\t\t\t\t\t\t\t\t\tdata-xy=\"\"\n\t\t\t\t\t\t\t\t\t\t\tdata-pos=\"r\"\n\t\t\t\t\t\t\t\t\t\t\tdata-text=\"w:normal;s:45,46,30,30;l:56,56,40,40;fw:600;a:center;\"\n\t\t\t\t\t\t\t\t\t\t\tdata-dim=\"w:100%;\"\n\t\t\t\t\t\t\t\t\t\t\tdata-rsp_o=\"off\"\n\t\t\t\t\t\t\t\t\t\t\tdata-rsp_bd=\"off\"\n\t\t\t\t\t\t\t\t\t\t\tdata-margin=\"b:40,40,30,30;\"\n\t\t\t\t\t\t\t\t\t\t\tdata-frame_0=\"x:-50;\"\n\t\t\t\t\t\t\t\t\t\t\tdata-frame_1=\"e:power2.inOut;st:500;sp:1000;\"\n\t\t\t\t\t\t\t\t\t\t\tdata-frame_999=\"o:0;e:nothing;st:w;sR:7500;\"\n\t\t\t\t\t\t\t\t\t\t\tstyle=\"z-index:3;font-family:'Poppins';\"\n\t\t\t\t\t\t\t\t\t\t>CULTURA ORGANIZATIONALA \n\t\t\t\t\t\t\t\t\t\t<\/rs-layer><!--\n\n\t\t\t\t\t\t\t\t\t\t--><rs-layer\n\t\t\t\t\t\t\t\t\t\t\tid=\"slider-5-slide-9-layer-6\" \n\t\t\t\t\t\t\t\t\t\t\tdata-type=\"text\"\n\t\t\t\t\t\t\t\t\t\t\tdata-color=\"rgba(255, 255, 255, 1)\"\n\t\t\t\t\t\t\t\t\t\t\tdata-xy=\"yo:340px;\"\n\t\t\t\t\t\t\t\t\t\t\tdata-pos=\"r\"\n\t\t\t\t\t\t\t\t\t\t\tdata-text=\"w:normal;s:21,34,16,16;l:36,36,28,28;a:center;\"\n\t\t\t\t\t\t\t\t\t\t\tdata-dim=\"w:100%;\"\n\t\t\t\t\t\t\t\t\t\t\tdata-rsp_o=\"off\"\n\t\t\t\t\t\t\t\t\t\t\tdata-rsp_bd=\"off\"\n\t\t\t\t\t\t\t\t\t\t\tdata-disp=\"inline-block\"\n\t\t\t\t\t\t\t\t\t\t\tdata-frame_0=\"y:-50;\"\n\t\t\t\t\t\t\t\t\t\t\tdata-frame_1=\"e:power2.inOut;st:1000;sp:1000;\"\n\t\t\t\t\t\t\t\t\t\t\tdata-frame_999=\"st:w;sR:7300;auto:true;\"\n\t\t\t\t\t\t\t\t\t\t\tstyle=\"z-index:4;font-family:'Poppins';display:inline-block;\"\n\t\t\t\t\t\t\t\t\t\t><span>Our company\u2019s <span style=\"color:#FED230\">CULTURA ORGANIZATIONALA<\/span> a companiei noastre se bazeaz\u0103 pe doi piloni importan\u021bi: <strong style=\"color:#FED230\">PARTENERI <\/strong> \u0219i <strong style=\"color:#FED230\">RESPECT<\/strong>!<\/span> \n\t\t\t\t\t\t\t\t\t\t<\/rs-layer><!--\n\n\t\t\t\t\t\t\t\t\t\t--><rs-layer\n\t\t\t\t\t\t\t\t\t\t\tid=\"slider-5-slide-9-layer-8\" \n\t\t\t\t\t\t\t\t\t\t\tdata-type=\"text\"\n\t\t\t\t\t\t\t\t\t\t\tdata-color=\"rgba(255, 255, 255, 1)\"\n\t\t\t\t\t\t\t\t\t\t\tdata-xy=\"x:c;y:m;\"\n\t\t\t\t\t\t\t\t\t\t\tdata-pos=\"r\"\n\t\t\t\t\t\t\t\t\t\t\tdata-text=\"w:normal;s:21,34,16,16;l:36,36,28,28;a:center;\"\n\t\t\t\t\t\t\t\t\t\t\tdata-dim=\"w:100%;\"\n\t\t\t\t\t\t\t\t\t\t\tdata-rsp_o=\"off\"\n\t\t\t\t\t\t\t\t\t\t\tdata-rsp_bd=\"off\"\n\t\t\t\t\t\t\t\t\t\t\tdata-disp=\"inline-block\"\n\t\t\t\t\t\t\t\t\t\t\tdata-frame_0=\"y:-50;\"\n\t\t\t\t\t\t\t\t\t\t\tdata-frame_1=\"e:power2.inOut;st:1000;sp:1000;\"\n\t\t\t\t\t\t\t\t\t\t\tdata-frame_999=\"st:w;sR:7300;auto:true;\"\n\t\t\t\t\t\t\t\t\t\t\tstyle=\"z-index:5;font-family:'Poppins';display:inline-block;\"\n\t\t\t\t\t\t\t\t\t\t><\/br> \n\t\t\t\t\t\t\t\t\t\t<\/rs-layer><!--\n\n\t\t\t\t\t\t\t\t\t\t--><rs-layer\n\t\t\t\t\t\t\t\t\t\t\tid=\"slider-5-slide-9-layer-2\" \n\t\t\t\t\t\t\t\t\t\t\tdata-type=\"text\"\n\t\t\t\t\t\t\t\t\t\t\tdata-color=\"rgba(255, 255, 255, 1)\"\n\t\t\t\t\t\t\t\t\t\t\tdata-xy=\"x:c;y:m;\"\n\t\t\t\t\t\t\t\t\t\t\tdata-pos=\"r\"\n\t\t\t\t\t\t\t\t\t\t\tdata-text=\"w:normal;s:21,34,16,16;l:36,36,28,28;a:center;\"\n\t\t\t\t\t\t\t\t\t\t\tdata-dim=\"w:100%;\"\n\t\t\t\t\t\t\t\t\t\t\tdata-rsp_o=\"off\"\n\t\t\t\t\t\t\t\t\t\t\tdata-rsp_bd=\"off\"\n\t\t\t\t\t\t\t\t\t\t\tdata-disp=\"inline-block\"\n\t\t\t\t\t\t\t\t\t\t\tdata-frame_0=\"y:-50;\"\n\t\t\t\t\t\t\t\t\t\t\tdata-frame_1=\"e:power2.inOut;st:1000;sp:1000;\"\n\t\t\t\t\t\t\t\t\t\t\tdata-frame_999=\"st:w;sR:7300;auto:true;\"\n\t\t\t\t\t\t\t\t\t\t\tstyle=\"z-index:6;font-family:'Poppins';display:inline-block;\"\n\t\t\t\t\t\t\t\t\t\t>Progres\u0103m zilnic datorit\u0103 partenerilor no\u0219tri care sunt con\u0219tien\u021bi c\u0103 munca lor este apreciat\u0103 \u0219i sus\u021binut\u0103! \n\t\t\t\t\t\t\t\t\t\t<\/rs-layer><!--\n\n\t\t\t\t\t\t\t\t\t\t--><rs-layer\n\t\t\t\t\t\t\t\t\t\t\tid=\"slider-5-slide-9-layer-3\" \n\t\t\t\t\t\t\t\t\t\t\tdata-type=\"text\"\n\t\t\t\t\t\t\t\t\t\t\tdata-color=\"rgba(255, 255, 255, 1)\"\n\t\t\t\t\t\t\t\t\t\t\tdata-xy=\"x:c;y:m;\"\n\t\t\t\t\t\t\t\t\t\t\tdata-pos=\"r\"\n\t\t\t\t\t\t\t\t\t\t\tdata-text=\"w:normal;s:21,34,16,16;l:36,36,28,28;a:center;\"\n\t\t\t\t\t\t\t\t\t\t\tdata-dim=\"w:100%;\"\n\t\t\t\t\t\t\t\t\t\t\tdata-rsp_o=\"off\"\n\t\t\t\t\t\t\t\t\t\t\tdata-rsp_bd=\"off\"\n\t\t\t\t\t\t\t\t\t\t\tdata-disp=\"inline-block\"\n\t\t\t\t\t\t\t\t\t\t\tdata-frame_0=\"y:-50;\"\n\t\t\t\t\t\t\t\t\t\t\tdata-frame_1=\"e:power2.inOut;st:1000;sp:1000;\"\n\t\t\t\t\t\t\t\t\t\t\tdata-frame_999=\"st:w;sR:7300;auto:true;\"\n\t\t\t\t\t\t\t\t\t\t\tstyle=\"z-index:7;font-family:'Poppins';display:inline-block;\"\n\t\t\t\t\t\t\t\t\t\t>Partenerii care lucreaz\u0103 \u00een compania noastr\u0103 sunt \u00eencuraja\u021bi \u0219i sus\u021binu\u021bi s\u0103-\u0219i ating\u0103 poten\u021bialul maxim.\n\n \n\t\t\t\t\t\t\t\t\t\t<\/rs-layer><!--\n\n\t\t\t\t\t\t\t\t\t\t--><rs-layer\n\t\t\t\t\t\t\t\t\t\t\tid=\"slider-5-slide-9-layer-5\" \n\t\t\t\t\t\t\t\t\t\t\tdata-type=\"text\"\n\t\t\t\t\t\t\t\t\t\t\tdata-color=\"rgba(255, 255, 255, 1)\"\n\t\t\t\t\t\t\t\t\t\t\tdata-xy=\"x:c;y:m;\"\n\t\t\t\t\t\t\t\t\t\t\tdata-pos=\"r\"\n\t\t\t\t\t\t\t\t\t\t\tdata-text=\"w:normal;s:21,34,16,16;l:36,36,28,28;a:center;\"\n\t\t\t\t\t\t\t\t\t\t\tdata-dim=\"w:100%;\"\n\t\t\t\t\t\t\t\t\t\t\tdata-rsp_o=\"off\"\n\t\t\t\t\t\t\t\t\t\t\tdata-rsp_bd=\"off\"\n\t\t\t\t\t\t\t\t\t\t\tdata-disp=\"inline-block\"\n\t\t\t\t\t\t\t\t\t\t\tdata-frame_0=\"y:-50;\"\n\t\t\t\t\t\t\t\t\t\t\tdata-frame_1=\"e:power2.inOut;st:1000;sp:1000;\"\n\t\t\t\t\t\t\t\t\t\t\tdata-frame_999=\"st:w;sR:7300;auto:true;\"\n\t\t\t\t\t\t\t\t\t\t\tstyle=\"z-index:8;font-family:'Poppins';display:inline-block;\"\n\t\t\t\t\t\t\t\t\t\t>Ne onor\u0103m promisiunile, ader\u0103m la acela\u0219i sistem de valori!\n \n\t\t\t\t\t\t\t\t\t\t<\/rs-layer><!--\n\n\t\t\t\t\t\t\t\t\t\t--><rs-layer\n\t\t\t\t\t\t\t\t\t\t\tid=\"slider-5-slide-9-layer-9\" \n\t\t\t\t\t\t\t\t\t\t\tdata-type=\"text\"\n\t\t\t\t\t\t\t\t\t\t\tdata-color=\"rgba(255, 255, 255, 1)\"\n\t\t\t\t\t\t\t\t\t\t\tdata-xy=\"x:c;y:m;\"\n\t\t\t\t\t\t\t\t\t\t\tdata-pos=\"r\"\n\t\t\t\t\t\t\t\t\t\t\tdata-text=\"w:normal;s:21,34,16,16;l:36,36,28,28;a:center;\"\n\t\t\t\t\t\t\t\t\t\t\tdata-dim=\"w:100%;\"\n\t\t\t\t\t\t\t\t\t\t\tdata-rsp_o=\"off\"\n\t\t\t\t\t\t\t\t\t\t\tdata-rsp_bd=\"off\"\n\t\t\t\t\t\t\t\t\t\t\tdata-disp=\"inline-block\"\n\t\t\t\t\t\t\t\t\t\t\tdata-frame_0=\"y:-50;\"\n\t\t\t\t\t\t\t\t\t\t\tdata-frame_1=\"e:power2.inOut;st:1000;sp:1000;\"\n\t\t\t\t\t\t\t\t\t\t\tdata-frame_999=\"st:w;sR:7300;auto:true;\"\n\t\t\t\t\t\t\t\t\t\t\tstyle=\"z-index:9;font-family:'Poppins';display:inline-block;\"\n\t\t\t\t\t\t\t\t\t\t><\/br> \n\t\t\t\t\t\t\t\t\t\t<\/rs-layer><!--\n\n\t\t\t\t\t\t\t\t\t\t--><rs-layer\n\t\t\t\t\t\t\t\t\t\t\tid=\"slider-5-slide-9-layer-7\" \n\t\t\t\t\t\t\t\t\t\t\tdata-type=\"text\"\n\t\t\t\t\t\t\t\t\t\t\tdata-color=\"#fed230\"\n\t\t\t\t\t\t\t\t\t\t\tdata-xy=\"x:c;y:m;\"\n\t\t\t\t\t\t\t\t\t\t\tdata-pos=\"r\"\n\t\t\t\t\t\t\t\t\t\t\tdata-text=\"w:normal;s:21,34,16,16;l:36,36,28,28;a:center;\"\n\t\t\t\t\t\t\t\t\t\t\tdata-dim=\"w:100%;\"\n\t\t\t\t\t\t\t\t\t\t\tdata-rsp_o=\"off\"\n\t\t\t\t\t\t\t\t\t\t\tdata-rsp_bd=\"off\"\n\t\t\t\t\t\t\t\t\t\t\tdata-disp=\"inline-block\"\n\t\t\t\t\t\t\t\t\t\t\tdata-frame_0=\"y:-50;\"\n\t\t\t\t\t\t\t\t\t\t\tdata-frame_1=\"e:power2.inOut;st:1000;sp:1000;\"\n\t\t\t\t\t\t\t\t\t\t\tdata-frame_999=\"st:w;sR:7300;auto:true;\"\n\t\t\t\t\t\t\t\t\t\t\tstyle=\"z-index:10;font-family:'Poppins';display:inline-block;\"\n\t\t\t\t\t\t\t\t\t\t>CULTIV\u0102M UN MEDIU DE LUCRU PLIN DE RESPECT RECIPROC \u0218I DE Z\u00c2MBETE \u0218I ENERGIE POZITIVA!\n \n\t\t\t\t\t\t\t\t\t\t<\/rs-layer><!--\n\t\t\t\t\t\t\t\t\t--><\/rs-column><!--\n\t\t\t\t\t\t\t\t--><\/rs-row><!--\n\t\t\t\t\t\t\t--><\/rs-zone><!--\n\n\t\t\t\t\t\t\t--><rs-layer\n\t\t\t\t\t\t\t\tid=\"slider-5-slide-9-layer-1\" \n\t\t\t\t\t\t\t\tclass=\"tp-shape tp-shapewrapper\"\n\t\t\t\t\t\t\t\tdata-type=\"shape\"\n\t\t\t\t\t\t\t\tdata-rsp_ch=\"on\"\n\t\t\t\t\t\t\t\tdata-xy=\"x:c;y:m,m,b,b;\"\n\t\t\t\t\t\t\t\tdata-text=\"w:normal,normal,nowrap,nowrap;fw:100;a:inherit;\"\n\t\t\t\t\t\t\t\tdata-dim=\"w:100%;h:100%;\"\n\t\t\t\t\t\t\t\tdata-basealign=\"slide\"\n\t\t\t\t\t\t\t\tdata-frame_0=\"y:50;\"\n\t\t\t\t\t\t\t\tdata-frame_1=\"e:power2.inOut;sp:2000;\"\n\t\t\t\t\t\t\t\tdata-frame_999=\"st:w;sR:9690;auto:true;\"\n\t\t\t\t\t\t\t\tstyle=\"z-index:16;background-color:#0c0c0c;\"\n\t\t\t\t\t\t\t><rs-bg-elem style=\"background: url('\/\/rvcgrup.ro\/wp-content\/uploads\/2022\/07\/bg-art-down.svg') no-repeat center bottom; background-size: cover;\"><\/rs-bg-elem>\n \n\t\t\t\t\t\t\t<\/rs-layer><!--\n\n\t\t\t\t\t\t\t--><rs-layer\n\t\t\t\t\t\t\t\tid=\"slider-5-slide-9-layer-21\" \n\t\t\t\t\t\t\t\tclass=\"tp-shape tp-shapewrapper\"\n\t\t\t\t\t\t\t\tdata-type=\"shape\"\n\t\t\t\t\t\t\t\tdata-rsp_ch=\"on\"\n\t\t\t\t\t\t\t\tdata-xy=\"x:c;y:m,m,b,b;\"\n\t\t\t\t\t\t\t\tdata-text=\"w:normal,normal,nowrap,nowrap;fw:100;a:inherit;\"\n\t\t\t\t\t\t\t\tdata-dim=\"w:100%;h:100%;\"\n\t\t\t\t\t\t\t\tdata-basealign=\"slide\"\n\t\t\t\t\t\t\t\tdata-frame_0=\"o:1;\"\n\t\t\t\t\t\t\t\tdata-frame_999=\"st:w;sR:9690;auto:true;\"\n\t\t\t\t\t\t\t\tstyle=\"z-index:15;background-color:#0a2540;\"\n\t\t\t\t\t\t\t> \n\t\t\t\t\t\t\t<\/rs-layer><!--\n-->\t\t\t\t\t\t<\/rs-slide>\n\t\t\t\t\t<\/rs-slides>\n\t\t\t\t<\/rs-module>\n\t\t\t\t<script>\n\t\t\t\t\tsetREVStartSize({c: 'rev_slider_5_1',rl:[1240,1024,778,480],el:[508,804,600,742],gw:[1400,1023,777,480],gh:[450,450,600,600],type:'standard',justify:'',layout:'fullwidth',mh:\"0\"});if (window.RS_MODULES!==undefined && window.RS_MODULES.modules!==undefined && window.RS_MODULES.modules[\"revslider51\"]!==undefined) {window.RS_MODULES.modules[\"revslider51\"].once = false;window.revapi5 = undefined;if (window.RS_MODULES.checkMinimal!==undefined) window.RS_MODULES.checkMinimal()}\n\t\t\t\t<\/script>\n\t\t\t<\/rs-module-wrap>\n\t\t\t<!-- END REVOLUTION SLIDER -->","protected":false},"excerpt":{"rendered":"","protected":false},"author":1,"featured_media":0,"parent":0,"menu_order":0,"comment_status":"closed","ping_status":"closed","template":"","meta":[],"_links":{"self":[{"href":"https:\/\/www.rvcgrup.ro\/ro\/wp-json\/wp\/v2\/pages\/8407"}],"collection":[{"href":"https:\/\/www.rvcgrup.ro\/ro\/wp-json\/wp\/v2\/pages"}],"about":[{"href":"https:\/\/www.rvcgrup.ro\/ro\/wp-json\/wp\/v2\/types\/page"}],"author":[{"embeddable":true,"href":"https:\/\/www.rvcgrup.ro\/ro\/wp-json\/wp\/v2\/users\/1"}],"replies":[{"embeddable":true,"href":"https:\/\/www.rvcgrup.ro\/ro\/wp-json\/wp\/v2\/comments?post=8407"}],"version-history":[{"count":6,"href":"https:\/\/www.rvcgrup.ro\/ro\/wp-json\/wp\/v2\/pages\/8407\/revisions"}],"predecessor-version":[{"id":8514,"href":"https:\/\/www.rvcgrup.ro\/ro\/wp-json\/wp\/v2\/pages\/8407\/revisions\/8514"}],"wp:attachment":[{"href":"https:\/\/www.rvcgrup.ro\/ro\/wp-json\/wp\/v2\/media?parent=8407"}],"curies":[{"name":"wp","href":"https:\/\/api.w.org\/{rel}","templated":true}]}}